{"id":89,"date":"2020-06-03T23:09:00","date_gmt":"2020-06-03T23:09:00","guid":{"rendered":"https:\/\/babyathome.com.mx\/fr\/?page_id=89"},"modified":"2022-02-21T04:01:46","modified_gmt":"2022-02-21T04:01:46","slug":"porque-nosotros","status":"publish","type":"page","link":"https:\/\/babyathome.com.mx\/fr\/porque-nosotros\/","title":{"rendered":"Porque nosotros"},"content":{"rendered":"<p>[et_pb_section fb_built=\u00bb1&#8243; _builder_version=\u00bb4.4.7&#8243; background_image=\u00bbhttps:\/\/babyathome.com.mx\/fr\/wp-content\/uploads\/2020\/06\/nosotros-3.jpg\u00bb parallax=\u00bbon\u00bb custom_padding=\u00bb120px||120px|||\u00bb global_colors_info=\u00bb{}\u00bb da_is_popup=\u00bboff\u00bb da_exit_intent=\u00bboff\u00bb da_has_close=\u00bbon\u00bb da_alt_close=\u00bboff\u00bb da_dark_close=\u00bboff\u00bb da_not_modal=\u00bbon\u00bb da_is_singular=\u00bboff\u00bb da_with_loader=\u00bboff\u00bb da_has_shadow=\u00bbon\u00bb da_disable_devices=\u00bboff|off|off\u00bb][et_pb_row column_structure=\u00bb1_2,1_2&#8243; _builder_version=\u00bb4.4.7&#8243; global_colors_info=\u00bb{}\u00bb][et_pb_column type=\u00bb1_2&#8243; _builder_version=\u00bb4.4.7&#8243; global_colors_info=\u00bb{}\u00bb][et_pb_text _builder_version=\u00bb4.14.8&#8243; text_font=\u00bbMontserrat|700|||||||\u00bb text_text_color=\u00bb#ffffff\u00bb text_font_size=\u00bb46px\u00bb text_line_height=\u00bb1em\u00bb custom_margin=\u00bb||15px||false|false\u00bb animation_style=\u00bbslide\u00bb animation_direction=\u00bbleft\u00bb hover_enabled=\u00bb0&#8243; text_font_size_tablet=\u00bb\u00bb text_font_size_phone=\u00bb\u00bb text_font_size_last_edited=\u00bbon|desktop\u00bb text_text_shadow_style=\u00bbpreset2&#8243; text_text_shadow_color=\u00bbrgba(0,0,0,0.16)\u00bb global_colors_info=\u00bb{}\u00bb sticky_enabled=\u00bb0&#8243;]<\/p>\n<p>Pourquoi nous?<\/p>\n<p>[\/et_pb_text][et_pb_divider color=\u00bb#47b5d3&#8243; divider_weight=\u00bb6px\u00bb _builder_version=\u00bb4.4.7&#8243; width=\u00bb19%\u00bb custom_margin=\u00bb||5px||false|false\u00bb animation_style=\u00bbslide\u00bb animation_direction=\u00bbleft\u00bb animation_delay=\u00bb300ms\u00bb global_colors_info=\u00bb{}\u00bb][\/et_pb_divider][et_pb_text _builder_version=\u00bb4.14.8&#8243; text_font=\u00bbMontserrat|600|||||||\u00bb text_text_color=\u00bb#ffffff\u00bb text_font_size=\u00bb18px\u00bb animation_style=\u00bbzoom\u00bb animation_delay=\u00bb500ms\u00bb hover_enabled=\u00bb0&#8243; text_text_shadow_style=\u00bbpreset2&#8243; global_colors_info=\u00bb{}\u00bb sticky_enabled=\u00bb0&#8243;]<\/p>\n<p>Tous nos m\u00e9decins sont sp\u00e9cialis\u00e9s en m\u00e9decine de la reproduction et ont re\u00e7u leur formation dans les meilleures cliniques de fertilit\u00e9 au monde.<\/p>\n<p>[\/et_pb_text][\/et_pb_column][et_pb_column type=\u00bb1_2&#8243; _builder_version=\u00bb4.4.7&#8243; global_colors_info=\u00bb{}\u00bb][\/et_pb_column][\/et_pb_row][\/et_pb_section][et_pb_section fb_built=\u00bb1&#8243; _builder_version=\u00bb4.4.7&#8243; background_color=\u00bbrgba(0,175,175,0.13)\u00bb global_colors_info=\u00bb{}\u00bb da_is_popup=\u00bboff\u00bb da_exit_intent=\u00bboff\u00bb da_has_close=\u00bbon\u00bb da_alt_close=\u00bboff\u00bb da_dark_close=\u00bboff\u00bb da_not_modal=\u00bbon\u00bb da_is_singular=\u00bboff\u00bb da_with_loader=\u00bboff\u00bb da_has_shadow=\u00bbon\u00bb da_disable_devices=\u00bboff|off|off\u00bb][et_pb_row column_structure=\u00bb1_2,1_2&#8243; make_equal=\u00bbon\u00bb _builder_version=\u00bb4.4.7&#8243; background_color=\u00bb#ffffff\u00bb custom_margin=\u00bb-96px||||false|false\u00bb custom_padding=\u00bb50px|25px|50px|25px|false|false\u00bb box_shadow_style=\u00bbpreset3&#8243; global_colors_info=\u00bb{}\u00bb][et_pb_column type=\u00bb1_2&#8243; module_class=\u00bbvertical-align\u00bb _builder_version=\u00bb4.4.7&#8243; global_colors_info=\u00bb{}\u00bb][et_pb_text _builder_version=\u00bb4.4.7&#8243; text_font=\u00bbMontserrat|700|||||||\u00bb text_text_color=\u00bb#4b7e8a\u00bb text_font_size=\u00bb26px\u00bb text_line_height=\u00bb1em\u00bb custom_margin=\u00bb||15px||false|false\u00bb animation_style=\u00bbslide\u00bb animation_direction=\u00bbleft\u00bb global_colors_info=\u00bb{}\u00bb]<\/p>\n<p>Baby At Home, Torre\u00f3n, Coah.<\/p>\n<p>[\/et_pb_text][et_pb_divider color=\u00bb#f2a900&#8243; divider_weight=\u00bb4px\u00bb _builder_version=\u00bb4.4.7&#8243; width=\u00bb40%\u00bb animation_style=\u00bbslide\u00bb animation_direction=\u00bbleft\u00bb animation_delay=\u00bb200ms\u00bb global_colors_info=\u00bb{}\u00bb][\/et_pb_divider][et_pb_text _builder_version=\u00bb4.14.8&#8243; text_font=\u00bbMontserrat||||||||\u00bb text_font_size=\u00bb16px\u00bb hover_enabled=\u00bb0&#8243; global_colors_info=\u00bb{}\u00bb sticky_enabled=\u00bb0&#8243;]<\/p>\n<p>Nous sommes un institut sp\u00e9cialis\u00e9 en st\u00e9rilit\u00e9 et m\u00e9decine reproductive et offrons les meilleurs traitements en reproduction assist\u00e9e pour les personnes qui d\u00e9sirent un enfant mais qui \u00e9prouvent des difficult\u00e9s pour concevoir.<\/p>\n<p>[\/et_pb_text][\/et_pb_column][et_pb_column type=\u00bb1_2&#8243; module_class=\u00bbvertical-align\u00bb _builder_version=\u00bb4.4.7&#8243; global_colors_info=\u00bb{}\u00bb][et_pb_image src=\u00bbhttps:\/\/babyathome.com.mx\/fr\/wp-content\/uploads\/2020\/06\/pareja-xq-baby-2.jpg\u00bb title_text=\u00bbpareja xq baby 2&#8243; _builder_version=\u00bb4.4.7&#8243; animation_style=\u00bbzoom\u00bb box_shadow_style=\u00bbpreset3&#8243; global_colors_info=\u00bb{}\u00bb][\/et_pb_image][\/et_pb_column][\/et_pb_row][et_pb_row make_equal=\u00bbon\u00bb _builder_version=\u00bb4.4.7&#8243; background_color=\u00bb#ffffff\u00bb custom_margin=\u00bb27px||||false|false\u00bb custom_padding=\u00bb50px|25px|0px|25px|false|false\u00bb box_shadow_style=\u00bbpreset3&#8243; global_colors_info=\u00bb{}\u00bb][et_pb_column type=\u00bb4_4&#8243; module_class=\u00bbvertical-align\u00bb _builder_version=\u00bb4.4.7&#8243; global_colors_info=\u00bb{}\u00bb][et_pb_text _builder_version=\u00bb4.14.8&#8243; text_font=\u00bbMontserrat|700|||||||\u00bb text_text_color=\u00bb#4b7e8a\u00bb text_font_size=\u00bb26px\u00bb text_line_height=\u00bb1em\u00bb text_orientation=\u00bbcenter\u00bb custom_margin=\u00bb||15px||false|false\u00bb animation_style=\u00bbslide\u00bb animation_direction=\u00bbbottom\u00bb hover_enabled=\u00bb0&#8243; global_colors_info=\u00bb{}\u00bb sticky_enabled=\u00bb0&#8243;]<\/p>\n<p>Pour elles, <strong>Baby At Home<\/strong> offre:<\/p>\n<p>[\/et_pb_text][et_pb_divider color=\u00bb#f2a900&#8243; divider_weight=\u00bb4px\u00bb _builder_version=\u00bb4.4.7&#8243; width=\u00bb40%\u00bb module_alignment=\u00bbcenter\u00bb animation_style=\u00bbzoom\u00bb animation_delay=\u00bb200ms\u00bb global_colors_info=\u00bb{}\u00bb][\/et_pb_divider][\/et_pb_column][\/et_pb_row][et_pb_row column_structure=\u00bb1_3,1_3,1_3&#8243; _builder_version=\u00bb4.4.7&#8243; background_color=\u00bb#ffffff\u00bb custom_padding=\u00bb||0px||false|false\u00bb box_shadow_style=\u00bbpreset3&#8243; global_colors_info=\u00bb{}\u00bb][et_pb_column type=\u00bb1_3&#8243; _builder_version=\u00bb4.4.7&#8243; custom_padding=\u00bb25px|25px|25px|25px|false|false\u00bb global_colors_info=\u00bb{}\u00bb][et_pb_blurb title=\u00bbLes meilleurs professionnels\u00bb image=\u00bbhttps:\/\/babyathome.com.mx\/fr\/wp-content\/uploads\/2020\/06\/care.svg\u00bb image_icon_width=\u00bb40%\u00bb _builder_version=\u00bb4.14.8&#8243; header_font=\u00bbMontserrat|500|||||||\u00bb header_text_align=\u00bbcenter\u00bb header_text_color=\u00bb#4b7e8a\u00bb header_font_size=\u00bb16px\u00bb animation_style=\u00bbslide\u00bb animation_direction=\u00bbleft\u00bb hover_enabled=\u00bb0&#8243; image_max_width=\u00bb40%\u00bb global_colors_info=\u00bb{}\u00bb sticky_enabled=\u00bb0&#8243;][\/et_pb_blurb][\/et_pb_column][et_pb_column type=\u00bb1_3&#8243; _builder_version=\u00bb4.4.7&#8243; custom_padding=\u00bb25px|25px|25px|25px|false|false\u00bb global_colors_info=\u00bb{}\u00bb][et_pb_blurb title=\u00bbInstallations de haute qualit\u00e9 \u00bb image=\u00bbhttps:\/\/babyathome.com.mx\/fr\/wp-content\/uploads\/2020\/06\/hospital.svg\u00bb image_icon_width=\u00bb40%\u00bb _builder_version=\u00bb4.14.8&#8243; header_font=\u00bbMontserrat|500|||||||\u00bb header_text_align=\u00bbcenter\u00bb header_text_color=\u00bb#4b7e8a\u00bb header_font_size=\u00bb16px\u00bb animation_style=\u00bbzoom\u00bb hover_enabled=\u00bb0&#8243; image_max_width=\u00bb40%\u00bb locked=\u00bboff\u00bb global_colors_info=\u00bb{}\u00bb sticky_enabled=\u00bb0&#8243;][\/et_pb_blurb][\/et_pb_column][et_pb_column type=\u00bb1_3&#8243; _builder_version=\u00bb4.4.7&#8243; custom_padding=\u00bb25px|25px|25px|25px|false|false\u00bb global_colors_info=\u00bb{}\u00bb][et_pb_blurb title=\u00bbLaboratoires totalement \u00e9quip\u00e9s\u00bb image=\u00bbhttps:\/\/babyathome.com.mx\/fr\/wp-content\/uploads\/2020\/06\/science.svg\u00bb image_icon_width=\u00bb40%\u00bb _builder_version=\u00bb4.14.8&#8243; header_font=\u00bbMontserrat|500|||||||\u00bb header_text_align=\u00bbcenter\u00bb header_text_color=\u00bb#4b7e8a\u00bb header_font_size=\u00bb16px\u00bb animation_style=\u00bbslide\u00bb animation_direction=\u00bbright\u00bb hover_enabled=\u00bb0&#8243; image_max_width=\u00bb40%\u00bb locked=\u00bboff\u00bb global_colors_info=\u00bb{}\u00bb sticky_enabled=\u00bb0&#8243;][\/et_pb_blurb][\/et_pb_column][\/et_pb_row][et_pb_row column_structure=\u00bb1_3,1_3,1_3&#8243; _builder_version=\u00bb4.4.7&#8243; background_color=\u00bb#ffffff\u00bb custom_padding=\u00bb0px||||false|false\u00bb box_shadow_style=\u00bbpreset3&#8243; global_colors_info=\u00bb{}\u00bb][et_pb_column type=\u00bb1_3&#8243; _builder_version=\u00bb4.4.7&#8243; custom_padding=\u00bb25px|25px|25px|25px|false|false\u00bb global_colors_info=\u00bb{}\u00bb][et_pb_blurb title=\u00bbTechnologie de pointe\u00bb image=\u00bbhttps:\/\/babyathome.com.mx\/fr\/wp-content\/uploads\/2020\/06\/ultrasound.svg\u00bb image_icon_width=\u00bb40%\u00bb _builder_version=\u00bb4.14.8&#8243; header_font=\u00bbMontserrat|500|||||||\u00bb header_text_align=\u00bbcenter\u00bb header_text_color=\u00bb#4b7e8a\u00bb header_font_size=\u00bb16px\u00bb animation_style=\u00bbslide\u00bb animation_direction=\u00bbleft\u00bb hover_enabled=\u00bb0&#8243; image_max_width=\u00bb40%\u00bb global_colors_info=\u00bb{}\u00bb sticky_enabled=\u00bb0&#8243;][\/et_pb_blurb][\/et_pb_column][et_pb_column type=\u00bb1_3&#8243; _builder_version=\u00bb4.4.7&#8243; custom_padding=\u00bb25px|25px|25px|25px|false|false\u00bb global_colors_info=\u00bb{}\u00bb][et_pb_blurb title=\u00bbAttention personnalis\u00e9e\u00bb image=\u00bbhttps:\/\/babyathome.com.mx\/fr\/wp-content\/uploads\/2020\/06\/wellness.svg\u00bb image_icon_width=\u00bb40%\u00bb _builder_version=\u00bb4.14.8&#8243; header_font=\u00bbMontserrat|500|||||||\u00bb header_text_align=\u00bbcenter\u00bb header_text_color=\u00bb#4b7e8a\u00bb header_font_size=\u00bb16px\u00bb animation_style=\u00bbzoom\u00bb image_max_width=\u00bb40%\u00bb locked=\u00bboff\u00bb global_colors_info=\u00bb{}\u00bb][\/et_pb_blurb][\/et_pb_column][et_pb_column type=\u00bb1_3&#8243; _builder_version=\u00bb4.4.7&#8243; custom_padding=\u00bb25px|25px|25px|25px|false|false\u00bb global_colors_info=\u00bb{}\u00bb][et_pb_blurb title=\u00bbExcellent relationnel\u00bb image=\u00bbhttps:\/\/babyathome.com.mx\/fr\/wp-content\/uploads\/2020\/06\/respect.svg\u00bb image_icon_width=\u00bb40%\u00bb _builder_version=\u00bb4.14.8&#8243; header_font=\u00bbMontserrat|500|||||||\u00bb header_text_align=\u00bbcenter\u00bb header_text_color=\u00bb#4b7e8a\u00bb header_font_size=\u00bb16px\u00bb animation_style=\u00bbslide\u00bb animation_direction=\u00bbright\u00bb image_max_width=\u00bb40%\u00bb locked=\u00bboff\u00bb global_colors_info=\u00bb{}\u00bb][\/et_pb_blurb][\/et_pb_column][\/et_pb_row][\/et_pb_section]<\/p>\n","protected":false},"excerpt":{"rendered":"<p>Pourquoi nous?Tous nos m\u00e9decins sont sp\u00e9cialis\u00e9s en m\u00e9decine de la reproduction et ont re\u00e7u leur formation dans les meilleures cliniques de fertilit\u00e9 au monde.Baby At Home, Torre\u00f3n, Coah.Nous sommes un institut sp\u00e9cialis\u00e9 en st\u00e9rilit\u00e9 et m\u00e9decine reproductive et offrons les meilleurs traitements en reproduction assist\u00e9e pour les personnes qui d\u00e9sirent un enfant mais qui \u00e9prouvent [&hellip;]<\/p>\n","protected":false},"author":2,"featured_media":0,"parent":0,"menu_order":0,"comment_status":"closed","ping_status":"closed","template":"","meta":{"_et_pb_use_builder":"on","_et_pb_old_content":"","_et_gb_content_width":"","inline_featured_image":false},"_links":{"self":[{"href":"https:\/\/babyathome.com.mx\/fr\/wp-json\/wp\/v2\/pages\/89"}],"collection":[{"href":"https:\/\/babyathome.com.mx\/fr\/wp-json\/wp\/v2\/pages"}],"about":[{"href":"https:\/\/babyathome.com.mx\/fr\/wp-json\/wp\/v2\/types\/page"}],"author":[{"embeddable":true,"href":"https:\/\/babyathome.com.mx\/fr\/wp-json\/wp\/v2\/users\/2"}],"replies":[{"embeddable":true,"href":"https:\/\/babyathome.com.mx\/fr\/wp-json\/wp\/v2\/comments?post=89"}],"version-history":[{"count":15,"href":"https:\/\/babyathome.com.mx\/fr\/wp-json\/wp\/v2\/pages\/89\/revisions"}],"predecessor-version":[{"id":210,"href":"https:\/\/babyathome.com.mx\/fr\/wp-json\/wp\/v2\/pages\/89\/revisions\/210"}],"wp:attachment":[{"href":"https:\/\/babyathome.com.mx\/fr\/wp-json\/wp\/v2\/media?parent=89"}],"curies":[{"name":"wp","href":"https:\/\/api.w.org\/{rel}","templated":true}]}}